{"id":3858,"date":"2020-05-19T13:13:05","date_gmt":"2020-05-19T13:13:05","guid":{"rendered":"https:\/\/lifemission.se\/about-us\/"},"modified":"2024-11-25T09:34:13","modified_gmt":"2024-11-25T09:34:13","slug":"about-us","status":"publish","type":"page","link":"https:\/\/lifemission.se\/en\/about-us\/","title":{"rendered":"About us"},"content":{"rendered":"<div class=\"wpb-content-wrapper\"><p>[vc_row full_width=&#8221;stretch_row&#8221; css=&#8221;.vc_custom_1719396362906{padding-top: 80px !important;padding-bottom: 80px !important;background-color: #1e1246 !important;}&#8221; mobile_bg_img_hidden=&#8221;no&#8221; tablet_bg_img_hidden=&#8221;no&#8221; woodmart_parallax=&#8221;0&#8243; woodmart_gradient_switch=&#8221;no&#8221; row_reverse_mobile=&#8221;0&#8243; row_reverse_tablet=&#8221;0&#8243; woodmart_disable_overflow=&#8221;0&#8243;][vc_column width=&#8221;1\/6&#8243;][\/vc_column][vc_column width=&#8221;2\/3&#8243;]\n\t\t<div id=\"wd-674442227b3e3\" class=\"title-wrapper wd-wpb wd-set-mb reset-last-child  wd-rs-674442227b3e3 wd-title-color-default wd-title-style-default text-center  wd-underline-colored\">\n\t\t\t\n\t\t\t<div class=\"liner-continer\">\n\t\t\t\t<h4 class=\"woodmart-title-container title  wd-font-weight- wd-fontsize-xxl\" >Who are we?<\/h4>\n\t\t\t\t\t\t\t<\/div>\n\t\t\t\n\t\t\t\t\t\t\t<div class=\"title-after_title reset-last-child  wd-fontsize-s\">Life Mission is a non-profit aid and mission organization operating in several countries. We work both evangelically and humanitarily, and with the love of Jesus as our foundation, we strive to bring healing and hope to a broken world<\/div>\n\t\t\t\n\t\t\t\n\t\t<\/div>\n\t\t\n\t\t\t\t\t<div id=\"wd-6744424c91adc\" class=\"wd-text-block-wrapper wd-wpb wd-rs-6744424c91adc color-scheme-custom text-center \">\n\t\t\t\t<div class=\"woodmart-title-container woodmart-text-block reset-last-child font-alt wd-font-weight- wd-fontsize-l\">\n\t\t\t\t\t&#8220;I have come to give life and life in abundance&#8230;In his name the nations will put their hope.&#8221;<br \/>\n(Joh 10:10, Matt 12:21)\t\t\t\t<\/div>\n\n\t\t\t\t\t\t\t<\/div>\n\t\t[\/vc_column][vc_column width=&#8221;1\/6&#8243;][\/vc_column][\/vc_row][vc_row full_width=&#8221;stretch_row&#8221; css=&#8221;.vc_custom_1719396008323{margin-bottom: 80px !important;padding-top: 50px !important;padding-bottom: 50px !important;background-image: url(https:\/\/lifemission.se\/wp-content\/uploads\/2020\/06\/Header.jpg?id=4074) !important;background-position: center !important;background-repeat: no-repeat !important;background-size: cover !important;}&#8221; woodmart_css_id=&#8221;61b73c20e1a0c&#8221; responsive_spacing=&#8221;eyJwYXJhbV90eXBlIjoid29vZG1hcnRfcmVzcG9uc2l2ZV9zcGFjaW5nIiwic2VsZWN0b3JfaWQiOiI2MWI3M2MyMGUxYTBjIiwic2hvcnRjb2RlIjoidmNfcm93IiwiZGF0YSI6eyJ0YWJsZXQiOnt9LCJtb2JpbGUiOnt9fX0=&#8221; mobile_bg_img_hidden=&#8221;no&#8221; tablet_bg_img_hidden=&#8221;no&#8221; woodmart_parallax=&#8221;0&#8243; woodmart_gradient_switch=&#8221;no&#8221; woodmart_box_shadow=&#8221;no&#8221; wd_z_index=&#8221;no&#8221; woodmart_disable_overflow=&#8221;0&#8243; row_reverse_mobile=&#8221;0&#8243; row_reverse_tablet=&#8221;0&#8243;][vc_column]\n\t\t<div id=\"wd-667bd75c9a5f2\" class=\"title-wrapper wd-wpb wd-set-mb reset-last-child  wd-rs-667bd75c9a5f2 wd-title-color-white wd-title-style-bordered text-center vc_custom_1719392099168 wd-underline-colored\">\n\t\t\t\t\t\t\t\n\t\t\t\t<div class=\"title-subtitle  subtitle-color-white font-default subtitle-style-default wd-font-weight- wd-fontsize-xs\">'<\/div>\n\t\t\t\n\t\t\t<div class=\"liner-continer\">\n\t\t\t\t<h4 class=\"woodmart-title-container title  wd-font-weight- wd-fontsize-l\" >MEET THE TEAM<\/h4>\n\t\t\t\t\t\t\t<\/div>\n\t\t\t\n\t\t\t\t\t\t\t<div class=\"title-after_title reset-last-child  wd-fontsize-xs\">'<\/div>\n\t\t\t\n\t\t\t\n\t\t<\/div>\n\t\t\n\t\t[vc_row_inner content_placement=&#8221;top&#8221; woodmart_css_id=&#8221;618d58f0ad974&#8243; responsive_spacing=&#8221;eyJwYXJhbV90eXBlIjoid29vZG1hcnRfcmVzcG9uc2l2ZV9zcGFjaW5nIiwic2VsZWN0b3JfaWQiOiI2MThkNThmMGFkOTc0Iiwic2hvcnRjb2RlIjoidmNfcm93X2lubmVyIiwiZGF0YSI6eyJ0YWJsZXQiOnt9LCJtb2JpbGUiOnt9fX0=&#8221; mobile_bg_img_hidden=&#8221;no&#8221; tablet_bg_img_hidden=&#8221;no&#8221; woodmart_parallax=&#8221;0&#8243; woodmart_gradient_switch=&#8221;no&#8221; woodmart_box_shadow=&#8221;no&#8221; wd_z_index=&#8221;no&#8221; woodmart_disable_overflow=&#8221;0&#8243; row_reverse_mobile=&#8221;0&#8243; row_reverse_tablet=&#8221;0&#8243; css=&#8221;.vc_custom_1719396179009{background-image: url(https:\/\/lifemission.se\/wp-content\/uploads\/2020\/06\/Header.jpg?id=4074) !important;}&#8221;][vc_column_inner width=&#8221;1\/4&#8243;]\t\t<div class=\"team-member wd-wpb wd-rs- member-layout-default text-center color-scheme-light \">\n\t\t\t\t\t\t\t<div class=\"member-image-wrapper\">\n\t\t\t\t\t<div class=\"member-image\">\n\t\t\t\t\t\t<img loading=\"lazy\" decoding=\"async\" width=\"583\" height=\"745\" src=\"https:\/\/lifemission.se\/wp-content\/uploads\/2024\/05\/Marcus-10.jpg\" class=\"team-member-avatar-image\" alt=\"\" srcset=\"https:\/\/lifemission.se\/wp-content\/uploads\/2024\/05\/Marcus-10.jpg 583w, https:\/\/lifemission.se\/wp-content\/uploads\/2024\/05\/Marcus-10-235x300.jpg 235w\" sizes=\"(max-width: 583px) 100vw, 583px\" \/>\t\t\t\t\t<\/div>\n\t\t\t\t<\/div>\n\t\t\t\n\t\t\t<div class=\"member-details wd-set-mb reset-last-child\">\n\t\t\t\t\t\t\t\t\t<h4 class=\"member-name\">\n\t\t\t\t\t\tMarcus Ringb\u00e4ck\t\t\t\t\t<\/h4>\n\t\t\t\t\n\t\t\t\t\n\t\t\t\t\n\t\t\t\t\t\t\t<\/div>\n\t\t<\/div>\n\n\t\t[\/vc_column_inner][vc_column_inner width=&#8221;1\/4&#8243;]\t\t<div class=\"team-member wd-wpb wd-rs- member-layout-default text-center color-scheme-light \">\n\t\t\t\t\t\t\t<div class=\"member-image-wrapper\">\n\t\t\t\t\t<div class=\"member-image\">\n\t\t\t\t\t\t<img loading=\"lazy\" decoding=\"async\" width=\"1771\" height=\"2362\" src=\"https:\/\/lifemission.se\/wp-content\/uploads\/2022\/04\/MarcusPalmblad1.jpg\" class=\"team-member-avatar-image\" alt=\"\" srcset=\"https:\/\/lifemission.se\/wp-content\/uploads\/2022\/04\/MarcusPalmblad1.jpg 1771w, https:\/\/lifemission.se\/wp-content\/uploads\/2022\/04\/MarcusPalmblad1-225x300.jpg 225w, https:\/\/lifemission.se\/wp-content\/uploads\/2022\/04\/MarcusPalmblad1-768x1024.jpg 768w, https:\/\/lifemission.se\/wp-content\/uploads\/2022\/04\/MarcusPalmblad1-1152x1536.jpg 1152w, https:\/\/lifemission.se\/wp-content\/uploads\/2022\/04\/MarcusPalmblad1-1536x2048.jpg 1536w, https:\/\/lifemission.se\/wp-content\/uploads\/2022\/04\/MarcusPalmblad1-600x800.jpg 600w\" sizes=\"(max-width: 1771px) 100vw, 1771px\" \/>\t\t\t\t\t<\/div>\n\t\t\t\t<\/div>\n\t\t\t\n\t\t\t<div class=\"member-details wd-set-mb reset-last-child\">\n\t\t\t\t\t\t\t\t\t<h4 class=\"member-name\">\n\t\t\t\t\t\tMarcus Palmblad\t\t\t\t\t<\/h4>\n\t\t\t\t\n\t\t\t\t\n\t\t\t\t\t\t\t\t\t<div class=\"member-bio\">\n\t\t\t\t\t\t&#8216;\t\t\t\t\t<\/div>\n\t\t\t\t\n\t\t\t\t\t\t\t<\/div>\n\t\t<\/div>\n\n\t\t[\/vc_column_inner][vc_column_inner width=&#8221;1\/4&#8243; woodmart_css_id=&#8221;618d58f3cabd0&#8243; parallax_scroll=&#8221;no&#8221; woodmart_sticky_column=&#8221;false&#8221; wd_collapsible_content_switcher=&#8221;no&#8221; mobile_bg_img_hidden=&#8221;no&#8221; tablet_bg_img_hidden=&#8221;no&#8221; woodmart_parallax=&#8221;0&#8243; woodmart_box_shadow=&#8221;no&#8221; wd_z_index=&#8221;no&#8221; responsive_spacing=&#8221;eyJwYXJhbV90eXBlIjoid29vZG1hcnRfcmVzcG9uc2l2ZV9zcGFjaW5nIiwic2VsZWN0b3JfaWQiOiI2MThkNThmM2NhYmQwIiwic2hvcnRjb2RlIjoidmNfY29sdW1uX2lubmVyIiwiZGF0YSI6eyJ0YWJsZXQiOnt9LCJtb2JpbGUiOnt9fX0=&#8221;]\t\t<div class=\"team-member wd-wpb wd-rs- member-layout-default text-center color-scheme-light \">\n\t\t\t\t\t\t\t<div class=\"member-image-wrapper\">\n\t\t\t\t\t<div class=\"member-image\">\n\t\t\t\t\t\t<img loading=\"lazy\" decoding=\"async\" width=\"1920\" height=\"2560\" src=\"https:\/\/lifemission.se\/wp-content\/uploads\/2023\/10\/6F7180F8-D3A0-45E3-806F-7B23E33F424F-scaled.jpeg\" class=\"team-member-avatar-image\" alt=\"\" srcset=\"https:\/\/lifemission.se\/wp-content\/uploads\/2023\/10\/6F7180F8-D3A0-45E3-806F-7B23E33F424F-scaled.jpeg 1920w, https:\/\/lifemission.se\/wp-content\/uploads\/2023\/10\/6F7180F8-D3A0-45E3-806F-7B23E33F424F-225x300.jpeg 225w, https:\/\/lifemission.se\/wp-content\/uploads\/2023\/10\/6F7180F8-D3A0-45E3-806F-7B23E33F424F-768x1024.jpeg 768w, https:\/\/lifemission.se\/wp-content\/uploads\/2023\/10\/6F7180F8-D3A0-45E3-806F-7B23E33F424F-1152x1536.jpeg 1152w, https:\/\/lifemission.se\/wp-content\/uploads\/2023\/10\/6F7180F8-D3A0-45E3-806F-7B23E33F424F-1536x2048.jpeg 1536w, https:\/\/lifemission.se\/wp-content\/uploads\/2023\/10\/6F7180F8-D3A0-45E3-806F-7B23E33F424F-600x800.jpeg 600w\" sizes=\"(max-width: 1920px) 100vw, 1920px\" \/>\t\t\t\t\t<\/div>\n\t\t\t\t<\/div>\n\t\t\t\n\t\t\t<div class=\"member-details wd-set-mb reset-last-child\">\n\t\t\t\t\t\t\t\t\t<h4 class=\"member-name\">\n\t\t\t\t\t\tKristoffer Berg\t\t\t\t\t<\/h4>\n\t\t\t\t\n\t\t\t\t\t\t\t\t\t<div class=\"member-position\">\n\t\t\t\t\t\t&#039;\t\t\t\t\t<\/div>\n\t\t\t\t\n\t\t\t\t\n\t\t\t\t\t\t\t<\/div>\n\t\t<\/div>\n\n\t\t[\/vc_column_inner][\/vc_row_inner][\/vc_column][\/vc_row][vc_row css=&#8221;.vc_custom_1592388513084{margin-bottom: 80px !important;padding-top: 80px !important;padding-bottom: 80px !important;background-color: #fbf4f0 !important;}&#8221; mobile_bg_img_hidden=&#8221;no&#8221; tablet_bg_img_hidden=&#8221;no&#8221; woodmart_parallax=&#8221;0&#8243; woodmart_gradient_switch=&#8221;no&#8221; row_reverse_mobile=&#8221;0&#8243; row_reverse_tablet=&#8221;0&#8243; woodmart_disable_overflow=&#8221;0&#8243; el_class=&#8221;info_background margin_bottom&#8221;][vc_column width=&#8221;1\/2&#8243; css=&#8221;.vc_custom_1592388942963{margin-top: 0px !important;}&#8221; mobile_bg_img_hidden=&#8221;no&#8221; tablet_bg_img_hidden=&#8221;no&#8221; woodmart_parallax=&#8221;0&#8243; woodmart_sticky_column=&#8221;false&#8221; parallax_scroll=&#8221;no&#8221; mobile_reset_margin=&#8221;no&#8221; tablet_reset_margin=&#8221;no&#8221;][vc_single_image image=&#8221;4391&#8243; img_size=&#8221;&#8221; css=&#8221;.vc_custom_1697548646638{margin-top: 0px !important;margin-right: 0px !important;margin-bottom: 0px !important;margin-left: 0px !important;padding-top: 0px !important;padding-right: 0px !important;padding-bottom: 0px !important;padding-left: 0px !important;}&#8221; parallax_scroll=&#8221;no&#8221;][\/vc_column][vc_column width=&#8221;1\/2&#8243;]\n\t\t<div id=\"wd-605de5a57897c\" class=\"title-wrapper wd-wpb wd-set-mb reset-last-child  wd-rs-605de5a57897c wd-title-color-default wd-title-style-default text-left  wd-underline-colored\">\n\t\t\t\n\t\t\t<div class=\"liner-continer\">\n\t\t\t\t<h4 class=\"woodmart-title-container title  wd-font-weight- wd-fontsize-l\" >Invite us<\/h4>\n\t\t\t\t\t\t\t<\/div>\n\t\t\t\n\t\t\t\t\t\t\t<div class=\"title-after_title reset-last-child  wd-fontsize-xs\">We love the local church and regularly visit churches to hold seminars, conferences and meetings. If you want to invite us to come and equip and inspire with the word of God you can contact us at info@lifemission.se<\/div>\n\t\t\t\n\t\t\t\n\t\t<\/div>\n\t\t\n\t\t<div id=\"wd-5ee9eae68fa61\" class=\" wd-rs-5ee9eae68fa61  wd-button-wrapper text-left\"><a href=\"mailto:info@lifemission.se\" title=\"\" style=\"--btn-color:#fff;--btn-color-hover:#fff;\" class=\"btn btn-style-default btn-shape-rectangle btn-size-large\">Contact us<\/a><\/div>[\/vc_column][\/vc_row][vc_row full_width=&#8221;stretch_row&#8221; css=&#8221;.vc_custom_1589533456726{padding-top: 80px !important;padding-bottom: 80px !important;background-color: #fbf4f0 !important;}&#8221; mobile_bg_img_hidden=&#8221;no&#8221; tablet_bg_img_hidden=&#8221;no&#8221; woodmart_parallax=&#8221;0&#8243; woodmart_gradient_switch=&#8221;no&#8221; row_reverse_mobile=&#8221;0&#8243; row_reverse_tablet=&#8221;0&#8243; woodmart_disable_overflow=&#8221;0&#8243;][vc_column width=&#8221;1\/2&#8243;]\n\t\t<div id=\"wd-605de33593a14\" class=\"title-wrapper wd-wpb wd-set-mb reset-last-child  wd-rs-605de33593a14 wd-title-color-default wd-title-style-default text-left  wd-underline-colored\">\n\t\t\t\n\t\t\t<div class=\"liner-continer\">\n\t\t\t\t<h4 class=\"woodmart-title-container title  wd-font-weight- wd-fontsize-xl\" >Our sponsors<\/h4>\n\t\t\t\t\t\t\t<\/div>\n\t\t\t\n\t\t\t\n\t\t\t\n\t\t<\/div>\n\t\t\n\t\t[\/vc_column][vc_column width=&#8221;1\/2&#8243;]\t\t<div id=\"gallery_911\" class=\"wd-images-gallery wd-wpb photoswipe-images\" style=\"--wd-justify-content:center;--wd-align-items:center;\">\n\t\t\t\n\t\t\t<div class=\" wd-grid-g\" style=\"--wd-col-lg:4;--wd-col-md:4;--wd-col-sm:1;--wd-gap-lg:30px;--wd-gap-sm:10px;\">\n\t\t\t\t\n\t\t\t\t\t\t\t\t\t\t\t\t\t\t\t<div class=\"wd-gallery-item wd-col\">\n\t\t\t\t\t\t\t\t\t\t\t\t\t\t<a href=\"https:\/\/lifemission.se\/wp-content\/uploads\/2020\/05\/U-tab_logotyp.png\" data-elementor-open-lightbox=\"no\" data-index=\"1\" data-width=\"202\" data-height=\"69\" \n\t\t\t\t\t\t\t\t\t\t\t\t\t\t\t\t\t\t\t\t>\n\t\t\t\t\t\t\t\t\n\t\t\t\t\t\t\t\t<img loading=\"lazy\" decoding=\"async\" width=\"202\" height=\"69\" src=\"https:\/\/lifemission.se\/wp-content\/uploads\/2020\/05\/U-tab_logotyp.png\" class=\"wd-gallery-image image-1\" alt=\"\" \/>\n\t\t\t\t\t\t\t\t\t\t\t\t\t\t\t<\/a>\n\t\t\t\t\t\t\t\t\t\t\t\t<\/div>\n\t\t\t\t\t\t\t\t\t\t\t<div class=\"wd-gallery-item wd-col\">\n\t\t\t\t\t\t\t\t\t\t\t\t\t\t<a href=\"https:\/\/lifemission.se\/wp-content\/uploads\/2020\/05\/Livsverket_logo_utan_bakgrund.png\" data-elementor-open-lightbox=\"no\" data-index=\"2\" data-width=\"1280\" data-height=\"800\" \n\t\t\t\t\t\t\t\t\t\t\t\t\t\t\t\t\t\t\t\t>\n\t\t\t\t\t\t\t\t\n\t\t\t\t\t\t\t\t<img loading=\"lazy\" decoding=\"async\" width=\"300\" height=\"188\" src=\"https:\/\/lifemission.se\/wp-content\/uploads\/2020\/05\/Livsverket_logo_utan_bakgrund-300x188.png\" class=\"wd-gallery-image image-2\" alt=\"\" srcset=\"https:\/\/lifemission.se\/wp-content\/uploads\/2020\/05\/Livsverket_logo_utan_bakgrund-300x188.png 300w, https:\/\/lifemission.se\/wp-content\/uploads\/2020\/05\/Livsverket_logo_utan_bakgrund-1024x640.png 1024w, https:\/\/lifemission.se\/wp-content\/uploads\/2020\/05\/Livsverket_logo_utan_bakgrund-768x480.png 768w, https:\/\/lifemission.se\/wp-content\/uploads\/2020\/05\/Livsverket_logo_utan_bakgrund-600x375.png 600w, https:\/\/lifemission.se\/wp-content\/uploads\/2020\/05\/Livsverket_logo_utan_bakgrund.png 1280w\" sizes=\"(max-width: 300px) 100vw, 300px\" \/>\n\t\t\t\t\t\t\t\t\t\t\t\t\t\t\t<\/a>\n\t\t\t\t\t\t\t\t\t\t\t\t<\/div>\n\t\t\t\t\t\t\t\t\t\t\t<div class=\"wd-gallery-item wd-col\">\n\t\t\t\t\t\t\t\t\t\t\t\t\t\t<a href=\"https:\/\/lifemission.se\/wp-content\/uploads\/2021\/03\/thumbnail_acconova-logga-e1616597756548.jpg\" data-elementor-open-lightbox=\"no\" data-index=\"3\" data-width=\"256\" data-height=\"62\" \n\t\t\t\t\t\t\t\t\t\t\t\t\t\t\t\t\t\t\t\t>\n\t\t\t\t\t\t\t\t\n\t\t\t\t\t\t\t\t<img loading=\"lazy\" decoding=\"async\" width=\"256\" height=\"62\" src=\"https:\/\/lifemission.se\/wp-content\/uploads\/2021\/03\/thumbnail_acconova-logga-e1616597756548.jpg\" class=\"wd-gallery-image image-3\" alt=\"\" \/>\n\t\t\t\t\t\t\t\t\t\t\t\t\t\t\t<\/a>\n\t\t\t\t\t\t\t\t\t\t\t\t<\/div>\n\t\t\t\t\t\t\t\t\t\t\t<div class=\"wd-gallery-item wd-col\">\n\t\t\t\t\t\t\t\t\t\t\t\t\t\t<a href=\"https:\/\/lifemission.se\/wp-content\/uploads\/2021\/03\/SKNU_Logotype.jpg\" data-elementor-open-lightbox=\"no\" data-index=\"4\" data-width=\"449\" data-height=\"354\" \n\t\t\t\t\t\t\t\t\t\t\t\t\t\t\t\t\t\t\t\t>\n\t\t\t\t\t\t\t\t\n\t\t\t\t\t\t\t\t<img loading=\"lazy\" decoding=\"async\" width=\"300\" height=\"237\" src=\"https:\/\/lifemission.se\/wp-content\/uploads\/2021\/03\/SKNU_Logotype-300x237.jpg\" class=\"wd-gallery-image image-4\" alt=\"\" srcset=\"https:\/\/lifemission.se\/wp-content\/uploads\/2021\/03\/SKNU_Logotype-300x237.jpg 300w, https:\/\/lifemission.se\/wp-content\/uploads\/2021\/03\/SKNU_Logotype.jpg 449w\" sizes=\"(max-width: 300px) 100vw, 300px\" \/>\n\t\t\t\t\t\t\t\t\t\t\t\t\t\t\t<\/a>\n\t\t\t\t\t\t\t\t\t\t\t\t<\/div>\n\t\t\t\t\t\t\t\t\t\n\t\t\t\t\t\t\t<\/div>\n\n\t\t\t\t\t<\/div>\n\t\t[\/vc_column][\/vc_row]<\/p>\n<\/div>","protected":false},"excerpt":{"rendered":"<p>[vc_row full_width=&#8221;stretch_row&#8221; css=&#8221;.vc_custom_1719396362906{padding-top: 80px !important;padding-bottom: 80px !important;background-color: #1e1246 !important;}&#8221; mobile_bg_img_hidden=&#8221;no&#8221; tablet_bg_img_hidden=&#8221;no&#8221; woodmart_parallax=&#8221;0&#8243; woodmart_gradient_switch=&#8221;no&#8221; row_reverse_mobile=&#8221;0&#8243; row_reverse_tablet=&#8221;0&#8243; woodmart_disable_overflow=&#8221;0&#8243;][vc_column width=&#8221;1\/6&#8243;][\/vc_column][vc_column width=&#8221;2\/3&#8243;][\/vc_column][vc_column width=&#8221;1\/6&#8243;][\/vc_column][\/vc_row][vc_row full_width=&#8221;stretch_row&#8221;<\/p>\n","protected":false},"author":1,"featured_media":0,"parent":0,"menu_order":0,"comment_status":"closed","ping_status":"closed","template":"","meta":{"_acf_changed":false,"footnotes":""},"class_list":["post-3858","page","type-page","status-publish","hentry"],"acf":[],"yoast_head":"<!-- This site is optimized with the Yoast SEO plugin v25.6 - https:\/\/yoast.com\/wordpress\/plugins\/seo\/ -->\n<title>About us &#8212; Lifemission<\/title>\n<meta name=\"robots\" content=\"index, follow, max-snippet:-1, max-image-preview:large, max-video-preview:-1\" \/>\n<link rel=\"canonical\" href=\"https:\/\/lifemission.se\/en\/about-us\/\" \/>\n<meta property=\"og:locale\" content=\"en_US\" \/>\n<meta property=\"og:type\" content=\"article\" \/>\n<meta property=\"og:title\" content=\"About us &#8212; Lifemission\" \/>\n<meta property=\"og:description\" content=\"[vc_row full_width=&#8221;stretch_row&#8221; css=&#8221;.vc_custom_1719396362906{padding-top: 80px !important;padding-bottom: 80px !important;background-color: #1e1246 !important;}&#8221; mobile_bg_img_hidden=&#8221;no&#8221; tablet_bg_img_hidden=&#8221;no&#8221; woodmart_parallax=&#8221;0&#8243; woodmart_gradient_switch=&#8221;no&#8221; row_reverse_mobile=&#8221;0&#8243; row_reverse_tablet=&#8221;0&#8243; woodmart_disable_overflow=&#8221;0&#8243;][vc_column width=&#8221;1\/6&#8243;][\/vc_column][vc_column width=&#8221;2\/3&#8243;][\/vc_column][vc_column width=&#8221;1\/6&#8243;][\/vc_column][\/vc_row][vc_row full_width=&#8221;stretch_row&#8221;\" \/>\n<meta property=\"og:url\" content=\"https:\/\/lifemission.se\/en\/about-us\/\" \/>\n<meta property=\"og:site_name\" content=\"Lifemission\" \/>\n<meta property=\"article:publisher\" content=\"https:\/\/www.instagram.com\/lifemission.se\/\" \/>\n<meta property=\"article:modified_time\" content=\"2024-11-25T09:34:13+00:00\" \/>\n<meta name=\"twitter:card\" content=\"summary_large_image\" \/>\n<meta name=\"twitter:label1\" content=\"Est. reading time\" \/>\n\t<meta name=\"twitter:data1\" content=\"2 minutes\" \/>\n<script type=\"application\/ld+json\" class=\"yoast-schema-graph\">{\"@context\":\"https:\/\/schema.org\",\"@graph\":[{\"@type\":\"WebPage\",\"@id\":\"https:\/\/lifemission.se\/en\/about-us\/\",\"url\":\"https:\/\/lifemission.se\/en\/about-us\/\",\"name\":\"About us &#8212; Lifemission\",\"isPartOf\":{\"@id\":\"https:\/\/lifemission.se\/en\/#website\"},\"datePublished\":\"2020-05-19T13:13:05+00:00\",\"dateModified\":\"2024-11-25T09:34:13+00:00\",\"breadcrumb\":{\"@id\":\"https:\/\/lifemission.se\/en\/about-us\/#breadcrumb\"},\"inLanguage\":\"en-US\",\"potentialAction\":[{\"@type\":\"ReadAction\",\"target\":[\"https:\/\/lifemission.se\/en\/about-us\/\"]}]},{\"@type\":\"BreadcrumbList\",\"@id\":\"https:\/\/lifemission.se\/en\/about-us\/#breadcrumb\",\"itemListElement\":[{\"@type\":\"ListItem\",\"position\":1,\"name\":\"Hem\",\"item\":\"https:\/\/lifemission.se\/en\/\"},{\"@type\":\"ListItem\",\"position\":2,\"name\":\"About us\"}]},{\"@type\":\"WebSite\",\"@id\":\"https:\/\/lifemission.se\/en\/#website\",\"url\":\"https:\/\/lifemission.se\/en\/\",\"name\":\"Lifemission\",\"description\":\"Missionsorganisation som arbetar f\u00f6r att n\u00e5 v\u00e4rlden med det goda nyheterna om Jesus och tr\u00e4na l\u00e4rjungar.\",\"potentialAction\":[{\"@type\":\"SearchAction\",\"target\":{\"@type\":\"EntryPoint\",\"urlTemplate\":\"https:\/\/lifemission.se\/en\/?s={search_term_string}\"},\"query-input\":{\"@type\":\"PropertyValueSpecification\",\"valueRequired\":true,\"valueName\":\"search_term_string\"}}],\"inLanguage\":\"en-US\"}]}<\/script>\n<!-- \/ Yoast SEO plugin. -->","yoast_head_json":{"title":"About us &#8212; Lifemission","robots":{"index":"index","follow":"follow","max-snippet":"max-snippet:-1","max-image-preview":"max-image-preview:large","max-video-preview":"max-video-preview:-1"},"canonical":"https:\/\/lifemission.se\/en\/about-us\/","og_locale":"en_US","og_type":"article","og_title":"About us &#8212; Lifemission","og_description":"[vc_row full_width=&#8221;stretch_row&#8221; css=&#8221;.vc_custom_1719396362906{padding-top: 80px !important;padding-bottom: 80px !important;background-color: #1e1246 !important;}&#8221; mobile_bg_img_hidden=&#8221;no&#8221; tablet_bg_img_hidden=&#8221;no&#8221; woodmart_parallax=&#8221;0&#8243; woodmart_gradient_switch=&#8221;no&#8221; row_reverse_mobile=&#8221;0&#8243; row_reverse_tablet=&#8221;0&#8243; woodmart_disable_overflow=&#8221;0&#8243;][vc_column width=&#8221;1\/6&#8243;][\/vc_column][vc_column width=&#8221;2\/3&#8243;][\/vc_column][vc_column width=&#8221;1\/6&#8243;][\/vc_column][\/vc_row][vc_row full_width=&#8221;stretch_row&#8221;","og_url":"https:\/\/lifemission.se\/en\/about-us\/","og_site_name":"Lifemission","article_publisher":"https:\/\/www.instagram.com\/lifemission.se\/","article_modified_time":"2024-11-25T09:34:13+00:00","twitter_card":"summary_large_image","twitter_misc":{"Est. reading time":"2 minutes"},"schema":{"@context":"https:\/\/schema.org","@graph":[{"@type":"WebPage","@id":"https:\/\/lifemission.se\/en\/about-us\/","url":"https:\/\/lifemission.se\/en\/about-us\/","name":"About us &#8212; Lifemission","isPartOf":{"@id":"https:\/\/lifemission.se\/en\/#website"},"datePublished":"2020-05-19T13:13:05+00:00","dateModified":"2024-11-25T09:34:13+00:00","breadcrumb":{"@id":"https:\/\/lifemission.se\/en\/about-us\/#breadcrumb"},"inLanguage":"en-US","potentialAction":[{"@type":"ReadAction","target":["https:\/\/lifemission.se\/en\/about-us\/"]}]},{"@type":"BreadcrumbList","@id":"https:\/\/lifemission.se\/en\/about-us\/#breadcrumb","itemListElement":[{"@type":"ListItem","position":1,"name":"Hem","item":"https:\/\/lifemission.se\/en\/"},{"@type":"ListItem","position":2,"name":"About us"}]},{"@type":"WebSite","@id":"https:\/\/lifemission.se\/en\/#website","url":"https:\/\/lifemission.se\/en\/","name":"Lifemission","description":"Missionsorganisation som arbetar f\u00f6r att n\u00e5 v\u00e4rlden med det goda nyheterna om Jesus och tr\u00e4na l\u00e4rjungar.","potentialAction":[{"@type":"SearchAction","target":{"@type":"EntryPoint","urlTemplate":"https:\/\/lifemission.se\/en\/?s={search_term_string}"},"query-input":{"@type":"PropertyValueSpecification","valueRequired":true,"valueName":"search_term_string"}}],"inLanguage":"en-US"}]}},"_links":{"self":[{"href":"https:\/\/lifemission.se\/en\/wp-json\/wp\/v2\/pages\/3858"}],"collection":[{"href":"https:\/\/lifemission.se\/en\/wp-json\/wp\/v2\/pages"}],"about":[{"href":"https:\/\/lifemission.se\/en\/wp-json\/wp\/v2\/types\/page"}],"author":[{"embeddable":true,"href":"https:\/\/lifemission.se\/en\/wp-json\/wp\/v2\/users\/1"}],"replies":[{"embeddable":true,"href":"https:\/\/lifemission.se\/en\/wp-json\/wp\/v2\/comments?post=3858"}],"version-history":[{"count":3,"href":"https:\/\/lifemission.se\/en\/wp-json\/wp\/v2\/pages\/3858\/revisions"}],"predecessor-version":[{"id":5801,"href":"https:\/\/lifemission.se\/en\/wp-json\/wp\/v2\/pages\/3858\/revisions\/5801"}],"wp:attachment":[{"href":"https:\/\/lifemission.se\/en\/wp-json\/wp\/v2\/media?parent=3858"}],"curies":[{"name":"wp","href":"https:\/\/api.w.org\/{rel}","templated":true}]}}